{"id":11036,"date":"2024-07-16T09:25:17","date_gmt":"2024-07-16T08:25:17","guid":{"rendered":"https:\/\/jumbotours.com\/?page_id=11036"},"modified":"2026-03-12T12:55:32","modified_gmt":"2026-03-12T11:55:32","slug":"politica-seguridad-informacion","status":"publish","type":"page","link":"https:\/\/jumbotours.com\/es\/politica-seguridad-informacion\/","title":{"rendered":"Pol\u00edtica de seguridad de la informaci\u00f3n"},"content":{"rendered":"[vc_row type=\u00bbfull_width_background\u00bb full_screen_row_position=\u00bbmiddle\u00bb column_margin=\u00bbdefault\u00bb column_direction=\u00bbdefault\u00bb column_direction_tablet=\u00bbdefault\u00bb column_direction_phone=\u00bbdefault\u00bb bg_color=\u00bb#004065&#8243; scene_position=\u00bbcenter\u00bb top_padding=\u00bb5%\u00bb bottom_padding=\u00bb5%\u00bb text_color=\u00bblight\u00bb text_align=\u00bbleft\u00bb row_border_radius=\u00bbnone\u00bb row_border_radius_applies=\u00bbbg\u00bb overflow=\u00bbvisible\u00bb enable_gradient=\u00bbtrue\u00bb color_overlay=\u00bb#004065&#8243; color_overlay_2=\u00bb#bfdce9&#8243; advanced_gradient_angle=\u00bb0&#8243; overlay_strength=\u00bb0.8&#8243; gradient_direction=\u00bbleft_t_to_right_b\u00bb shape_divider_position=\u00bbbottom\u00bb shape_divider_height=\u00bb250&#8243; bg_image_animation=\u00bbnone\u00bb shape_type=\u00bbwaves_opacity_alt\u00bb gradient_type=\u00bbdefault\u00bb][vc_column column_padding=\u00bbno-extra-padding\u00bb column_padding_tablet=\u00bbinherit\u00bb column_padding_phone=\u00bbinherit\u00bb column_padding_position=\u00bball\u00bb column_element_spacing=\u00bbdefault\u00bb background_color_opacity=\u00bb1&#8243; background_hover_color_opacity=\u00bb1&#8243; column_shadow=\u00bbnone\u00bb column_border_radius=\u00bbnone\u00bb column_link_target=\u00bb_self\u00bb column_position=\u00bbdefault\u00bb gradient_direction=\u00bbleft_to_right\u00bb overlay_strength=\u00bb0.3&#8243; width=\u00bb1\/1&#8243; tablet_width_inherit=\u00bbdefault\u00bb tablet_text_alignment=\u00bbdefault\u00bb phone_text_alignment=\u00bbdefault\u00bb animation_type=\u00bbdefault\u00bb bg_image_animation=\u00bbnone\u00bb border_type=\u00bbsimple\u00bb column_border_width=\u00bbnone\u00bb column_border_style=\u00bbsolid\u00bb][vc_row_inner content_placement=\u00bbmiddle\u00bb column_margin=\u00bbdefault\u00bb column_direction=\u00bbdefault\u00bb column_direction_tablet=\u00bbdefault\u00bb column_direction_phone=\u00bbdefault\u00bb text_align=\u00bbleft\u00bb row_position=\u00bbdefault\u00bb row_position_tablet=\u00bbinherit\u00bb row_position_phone=\u00bbinherit\u00bb overflow=\u00bbvisible\u00bb pointer_events=\u00bball\u00bb][vc_column_inner column_padding=\u00bbno-extra-padding\u00bb column_padding_tablet=\u00bbinherit\u00bb column_padding_phone=\u00bbinherit\u00bb column_padding_position=\u00bball\u00bb column_element_spacing=\u00bbdefault\u00bb background_color_opacity=\u00bb1&#8243; background_hover_color_opacity=\u00bb1&#8243; column_shadow=\u00bbnone\u00bb column_border_radius=\u00bbnone\u00bb column_link_target=\u00bb_self\u00bb gradient_direction=\u00bbleft_to_right\u00bb overlay_strength=\u00bb0.3&#8243; width=\u00bb1\/2&#8243; tablet_width_inherit=\u00bbdefault\u00bb animation_type=\u00bbdefault\u00bb enable_animation=\u00bbtrue\u00bb animation=\u00bbfade-in-from-bottom\u00bb bg_image_animation=\u00bbnone\u00bb border_type=\u00bbsimple\u00bb column_border_width=\u00bbnone\u00bb column_border_style=\u00bbsolid\u00bb delay=\u00bb200&#8243;][divider line_type=\u00bbNo Line\u00bb custom_height=\u00bb10%\u00bb][split_line_heading animation_type=\u00bbline-reveal-by-space\u00bb font_style=\u00bbh1&#8243; line_reveal_by_space_text_effect=\u00bbdefault\u00bb content_alignment=\u00bbdefault\u00bb mobile_content_alignment=\u00bbinherit\u00bb link_target=\u00bb_self\u00bb text_content=\u00bbPol\u00edtica de seguridad de la informaci\u00f3n\u00bb]\n<h1>Privacidad<\/h1>\n[\/split_line_heading][\/vc_column_inner][vc_column_inner column_padding=\u00bbno-extra-padding\u00bb column_padding_tablet=\u00bbinherit\u00bb column_padding_phone=\u00bbinherit\u00bb column_padding_position=\u00bball\u00bb column_element_spacing=\u00bbdefault\u00bb background_color_opacity=\u00bb1&#8243; background_hover_color_opacity=\u00bb1&#8243; column_shadow=\u00bbnone\u00bb column_border_radius=\u00bbnone\u00bb column_link_target=\u00bb_self\u00bb gradient_direction=\u00bbleft_to_right\u00bb overlay_strength=\u00bb0.3&#8243; width=\u00bb1\/2&#8243; tablet_width_inherit=\u00bbdefault\u00bb animation_type=\u00bbdefault\u00bb bg_image_animation=\u00bbnone\u00bb border_type=\u00bbsimple\u00bb column_border_width=\u00bbnone\u00bb column_border_style=\u00bbsolid\u00bb][\/vc_column_inner][\/vc_row_inner][\/vc_column][\/vc_row][vc_row type=\u00bbin_container\u00bb full_screen_row_position=\u00bbmiddle\u00bb column_margin=\u00bbdefault\u00bb column_direction=\u00bbdefault\u00bb column_direction_tablet=\u00bbdefault\u00bb column_direction_phone=\u00bbdefault\u00bb scene_position=\u00bbcenter\u00bb top_padding=\u00bb2%\u00bb bottom_padding=\u00bb2%\u00bb text_color=\u00bbdark\u00bb text_align=\u00bbleft\u00bb row_border_radius=\u00bbnone\u00bb row_border_radius_applies=\u00bbbg\u00bb overflow=\u00bbvisible\u00bb overlay_strength=\u00bb0.3&#8243; gradient_direction=\u00bbleft_to_right\u00bb shape_divider_position=\u00bbbottom\u00bb bg_image_animation=\u00bbnone\u00bb shape_type=\u00bb\u00bb][vc_column column_padding=\u00bbno-extra-padding\u00bb column_padding_tablet=\u00bbinherit\u00bb column_padding_phone=\u00bbinherit\u00bb column_padding_position=\u00bball\u00bb column_element_spacing=\u00bbdefault\u00bb background_color_opacity=\u00bb1&#8243; background_hover_color_opacity=\u00bb1&#8243; column_shadow=\u00bbnone\u00bb column_border_radius=\u00bbnone\u00bb column_link_target=\u00bb_self\u00bb column_position=\u00bbdefault\u00bb gradient_direction=\u00bbleft_to_right\u00bb overlay_strength=\u00bb0.3&#8243; width=\u00bb1\/6&#8243; tablet_width_inherit=\u00bbdefault\u00bb tablet_text_alignment=\u00bbdefault\u00bb phone_text_alignment=\u00bbdefault\u00bb animation_type=\u00bbdefault\u00bb bg_image_animation=\u00bbnone\u00bb border_type=\u00bbsimple\u00bb column_border_width=\u00bbnone\u00bb column_border_style=\u00bbsolid\u00bb][\/vc_column][vc_column column_padding=\u00bbno-extra-padding\u00bb column_padding_tablet=\u00bbinherit\u00bb column_padding_phone=\u00bbinherit\u00bb column_padding_position=\u00bball\u00bb column_element_spacing=\u00bbdefault\u00bb background_color_opacity=\u00bb1&#8243; background_hover_color_opacity=\u00bb1&#8243; column_shadow=\u00bbnone\u00bb column_border_radius=\u00bbnone\u00bb column_link_target=\u00bb_self\u00bb column_position=\u00bbdefault\u00bb gradient_direction=\u00bbleft_to_right\u00bb overlay_strength=\u00bb0.3&#8243; width=\u00bb2\/3&#8243; tablet_width_inherit=\u00bbdefault\u00bb tablet_text_alignment=\u00bbdefault\u00bb phone_text_alignment=\u00bbdefault\u00bb animation_type=\u00bbdefault\u00bb bg_image_animation=\u00bbnone\u00bb border_type=\u00bbsimple\u00bb column_border_width=\u00bbnone\u00bb column_border_style=\u00bbsolid\u00bb][divider line_type=\u00bbNo Line\u00bb custom_height=\u00bb20&#8243;][vc_column_text]<strong>Introducci\u00f3n<\/strong><\/p>\n<p>El prop\u00f3sito de esta Pol\u00edtica de Seguridad y Privacidad, del Sistema de Gesti\u00f3n de Seguridad de la Informaci\u00f3n (SGSI) es establecer las directrices de gesti\u00f3n que tiene implantado Jumbo Tours, para garantizar que el acceso, la utilizaci\u00f3n y la custodia de los activos de informaci\u00f3n se realizar\u00e1 de acuerdo con los requisitos de negocio establecidos por Jumbo Tours. Estas directrices se establecen con respecto a la integridad, disponibilidad y confidencialidad de la informaci\u00f3n, respetando el marco legal vigente y cumpliendo fielmente con la normativa establecida.<\/p>\n<p><strong>\u00c1mbito de aplicaci\u00f3n<\/strong><\/p>\n<p>La Pol\u00edtica de Seguridad y Privacidad de la Informaci\u00f3n del SGSI es aplicable a quienes tengan acceso a los recursos que hayan sido identificados como \u201cactivos de informaci\u00f3n\u201d de la empresa, dentro del alcance establecido del sistema de gesti\u00f3n de la seguridad. Dichos requisitos de protecci\u00f3n afectan a toda la informaci\u00f3n en soporte electr\u00f3nico o soporte papel y a los sistemas de informaci\u00f3n propiedad de Jumbo Tours o gestionados para la misma.<\/p>\n<p><strong>Principios<\/strong><\/p>\n<p>La formulaci\u00f3n de la Pol\u00edtica de Seguridad y Privacidad de la Informaci\u00f3n del SGSI se sustenta en los siguientes principios claves de protecci\u00f3n:<\/p>\n<ul>\n<li><strong>Eficacia:<\/strong> Garantizar que toda la informaci\u00f3n utilizada es necesaria y \u00fatil para el desarrollo y difusi\u00f3n de los datos.<\/li>\n<li><strong>Eficiencia: <\/strong>Asegurar que el procesamiento de la informaci\u00f3n se realice mediante una \u00f3ptima utilizaci\u00f3n de los recursos humanos y materiales.<\/li>\n<li><strong>Integridad: <\/strong>Asegurar que sea procesada toda la informaci\u00f3n necesaria y suficiente para la marcha de los servicios y procesos en cada uno de los sistemas inform\u00e1ticos.<\/li>\n<li><strong>Exactitud: <\/strong>Asegurar que toda la informaci\u00f3n se encuentre libre de errores y\/o irregularidades de cualquier tipo.<\/li>\n<li><strong>Disponibilidad: <\/strong>Garantizar que la informaci\u00f3n y la capacidad de su procesamiento manual y autom\u00e1tica, sean resguardadas y recuperadas eventualmente cuando sea necesario, de manera tal que no se interrumpa significativamente la marcha de los servicios.<\/li>\n<li><strong>Legalidad: <\/strong>Asegurar que toda la informaci\u00f3n y los medios f\u00edsicos que la contienen, procesen y\/o transporten, cumplan con las regulaciones legales vigentes en cada \u00e1mbito.<\/li>\n<li><strong>Confidencialidad: <\/strong>Garantizar que toda la informaci\u00f3n est\u00e1 protegida del uso no autorizado, revelaciones accidentales, violaci\u00f3n de la privacidad y otras acciones similares de accesos de terceros no permitidos.<\/li>\n<li><strong>Privacidad:<\/strong> Asegurar la seguridad en relaci\u00f3n con la recogida, uso, conservaci\u00f3n, divulgaci\u00f3n y eliminaci\u00f3n de informaci\u00f3n personal.<\/li>\n<li><strong>Autorizaci\u00f3n: <\/strong>Garantizar que todos los accesos a datos y\/o transacciones que los utilicen cumplan con los niveles de autorizaci\u00f3n correspondientes para su utilizaci\u00f3n y divulgaci\u00f3n.<\/li>\n<li><strong>Protecci\u00f3n F\u00edsica: <\/strong>Garantizar que todos los medios de procesamiento y\/o conservaci\u00f3n de informaci\u00f3n cuentan con medidas de protecci\u00f3n f\u00edsica que eviten el acceso y\/o utilizaci\u00f3n indebida por personal no autorizado.<\/li>\n<li><strong>Responsabilidad:<\/strong> Garantizar que las partes interesadas son conscientes y responsables de tutelar la seguridad de los sistemas de informaci\u00f3n y de las acciones que se puedan emprender para reforzar la misma.<\/li>\n<\/ul>\n<p><strong>Objetivos del SGSI<\/strong><\/p>\n<p>Los objetivos del SGSI sobre el alcance establecido son:<\/p>\n<ul>\n<li>Implementar el valor de la Seguridad y Privacidad de la Informaci\u00f3n en el conjunto de la Organizaci\u00f3n.<\/li>\n<li>Contribuir todas y cada una de las personas de Jumbo Tours a la protecci\u00f3n de la Seguridad y Privacidad de la Informaci\u00f3n.<\/li>\n<li>Definir como marco de gesti\u00f3n de la seguridad el compromiso de mejora continua utilizando como referencia la norma ISO 27001 para establecer el sistema de gesti\u00f3n de la seguridad de la informaci\u00f3n y la norma ISO 27002 como conjunto de buenas pr\u00e1cticas para la gesti\u00f3n de la seguridad de la informaci\u00f3n.<\/li>\n<li>Garantizar el compromiso de Jumbo Tours, con respecto al tratamiento de datos de car\u00e1cter personal y aquellos especialmente sensibles, cumplimiento los principios de la legislaci\u00f3n sobre privacidad y protecci\u00f3n de datos.<\/li>\n<li>Proteger la informaci\u00f3n de Jumbo Tours de todas las amenazas, ya sean internas o externas, deliberadas o accidentales, con el objetivo de garantizar la continuidad del servicio ofrecido a los clientes.<\/li>\n<li>Establecer un plan de seguridad y privacidad de la informaci\u00f3n que integre las actividades de prevenci\u00f3n y minimizaci\u00f3n del riesgo de los incidentes de seguridad en base a los criterios de gesti\u00f3n del riesgo establecidos por Jumbo Tours.<\/li>\n<li>Asumir la responsabilidad en materia de concienciaci\u00f3n y formaci\u00f3n en materia de seguridad de la informaci\u00f3n como medio para garantizar el cumplimiento de esta pol\u00edtica.<\/li>\n<li>Extender nuestro compromiso con la seguridad de la informaci\u00f3n a los clientes y partes interesadas.<\/li>\n<\/ul>\n<p><strong>Pol\u00edticas, Normas y Procedimientos<\/strong><\/p>\n<p>Todos los empleados y colaboradores de Jumbo Tours participan de forma activa en la cultura de prevenci\u00f3n y protecci\u00f3n de activos, derivada del SGSI. Deben para ello actuar de acuerdo a la presente pol\u00edtica, y aquellas normas y procedimientos de seguridad, elaborados y comunicados por la entidad.<\/p>\n<p><strong>Funciones y responsabilidades del SGSI<\/strong><\/p>\n<p>La asignaci\u00f3n y delimitaci\u00f3n de responsabilidades para asegurar que se implanta y satisfacen los objetivos propuestos en la presente pol\u00edtica de seguridad y privacidad, requieren del establecimiento de unas determinadas funciones encargadas de los aspectos generales de gesti\u00f3n de la seguridad de la informaci\u00f3n.<\/p>\n<p>Jumbo Tours define y comunica las responsabilidades necesarias para garantizar la seguridad de la informaci\u00f3n y el cumplimiento de los objetivos establecidos.<\/p>\n<p><strong>Gesti\u00f3n de los riesgos<\/strong><\/p>\n<p>Todos los activos de informaci\u00f3n dentro del alcance del SGSI, est\u00e1n sujetos a un an\u00e1lisis de riesgos con el objetivo de evaluar las amenazas y los riesgos a los que est\u00e1n expuestos.<\/p>\n<p>El proceso de gesti\u00f3n de riesgos incluye actividades como la categorizaci\u00f3n de los sistemas, el an\u00e1lisis de riesgos y la aplicaci\u00f3n de controles o medidas de seguridad proporcionadas al nivel de riesgo.<\/p>\n<p><strong>Mejora Continua<\/strong><\/p>\n<p>La gesti\u00f3n de la seguridad de la informaci\u00f3n es un proceso sujeto a permanente actualizaci\u00f3n. Los cambios en la organizaci\u00f3n, las amenazas, las tecnolog\u00edas y\/o la legislaci\u00f3n son un ejemplo en los que es necesaria una mejora continua de los sistemas. Por ello, Jumbo Tours revisa y mejora de forma continua las pol\u00edticas, procesos y medidas de seguridad para garantizar su eficacia y adecuaci\u00f3n.<\/p>\n<p><strong>Auditor\u00edas<\/strong><\/p>\n<p>Jumbo Tours realiza auditor\u00edas, internas y externas, con el fin de verificar:<\/p>\n<ul>\n<li>Si se cumplen los requisitos de la norma internacional, as\u00ed como la legislaci\u00f3n y otras normativas aplicables al SGSI.<\/li>\n<li>Si se cumplen los objetivos de seguridad identificados.<\/li>\n<li>Si se han implantado y mantienen los controles de forma efectiva.<\/li>\n<li>Si se est\u00e1n logrando los resultados esperados.<\/li>\n<\/ul>\n<p><strong>Declaraci\u00f3n de autoridad sobre la Pol\u00edtica<\/strong><\/p>\n<p>Es responsabilidad de todas las personas y departamentos implicados en los procesos o servicios incluidos en el alcance el obligado cumplimiento de la presente Pol\u00edtica de Seguridad y Privacidad. Para conseguir este prop\u00f3sito es necesaria la implicaci\u00f3n y participaci\u00f3n de todos los empleados de Jumbo Tours.<\/p>\n<p>Tambi\u00e9n podr\u00e1 requerir la participaci\u00f3n de proveedores y terceros en la aplicaci\u00f3n de las medidas de seguridad que se determinen como m\u00ednimos exigibles.<\/p>\n<p>La Pol\u00edtica ser\u00e1 revisada peri\u00f3dicamente para asegurar su vigencia y adecuaci\u00f3n a los riesgos y necesidades de la empresa.[\/vc_column_text][\/vc_column][vc_column column_padding=\u00bbno-extra-padding\u00bb column_padding_tablet=\u00bbinherit\u00bb column_padding_phone=\u00bbinherit\u00bb column_padding_position=\u00bball\u00bb column_element_spacing=\u00bbdefault\u00bb background_color_opacity=\u00bb1&#8243; background_hover_color_opacity=\u00bb1&#8243; column_shadow=\u00bbnone\u00bb column_border_radius=\u00bbnone\u00bb column_link_target=\u00bb_self\u00bb column_position=\u00bbdefault\u00bb gradient_direction=\u00bbleft_to_right\u00bb overlay_strength=\u00bb0.3&#8243; width=\u00bb1\/6&#8243; tablet_width_inherit=\u00bbdefault\u00bb tablet_text_alignment=\u00bbdefault\u00bb phone_text_alignment=\u00bbdefault\u00bb animation_type=\u00bbdefault\u00bb bg_image_animation=\u00bbnone\u00bb border_type=\u00bbsimple\u00bb column_border_width=\u00bbnone\u00bb column_border_style=\u00bbsolid\u00bb][\/vc_column][\/vc_row]\n","protected":false},"excerpt":{"rendered":"<p>[vc_row type=\u00bbfull_width_background\u00bb full_screen_row_position=\u00bbmiddle\u00bb column_margin=\u00bbdefault\u00bb column_direction=\u00bbdefault\u00bb column_direction_tablet=\u00bbdefault\u00bb column_direction_phone=\u00bbdefault\u00bb bg_color=\u00bb#004065&#8243; scene_position=\u00bbcenter\u00bb top_padding=\u00bb5%\u00bb bottom_padding=\u00bb5%\u00bb text_color=\u00bblight\u00bb text_align=\u00bbleft\u00bb row_border_radius=\u00bbnone\u00bb row_border_radius_applies=\u00bbbg\u00bb overflow=\u00bbvisible\u00bb enable_gradient=\u00bbtrue\u00bb color_overlay=\u00bb#004065&#8243; color_overlay_2=\u00bb#bfdce9&#8243; advanced_gradient_angle=\u00bb0&#8243; overlay_strength=\u00bb0.8&#8243; gradient_direction=\u00bbleft_t_to_right_b\u00bb shape_divider_position=\u00bbbottom\u00bb shape_divider_height=\u00bb250&#8243; bg_image_animation=\u00bbnone\u00bb shape_type=\u00bbwaves_opacity_alt\u00bb gradient_type=\u00bbdefault\u00bb][vc_column column_padding=\u00bbno-extra-padding\u00bb column_padding_tablet=\u00bbinherit\u00bb column_padding_phone=\u00bbinherit\u00bb column_padding_position=\u00bball\u00bb column_element_spacing=\u00bbdefault\u00bb background_color_opacity=\u00bb1&#8243; background_hover_color_opacity=\u00bb1&#8243; column_shadow=\u00bbnone\u00bb column_border_radius=\u00bbnone\u00bb column_link_target=\u00bb_self\u00bb column_position=\u00bbdefault\u00bb gradient_direction=\u00bbleft_to_right\u00bb overlay_strength=\u00bb0.3&#8243; width=\u00bb1\/1&#8243; tablet_width_inherit=\u00bbdefault\u00bb tablet_text_alignment=\u00bbdefault\u00bb phone_text_alignment=\u00bbdefault\u00bb animation_type=\u00bbdefault\u00bb bg_image_animation=\u00bbnone\u00bb border_type=\u00bbsimple\u00bb column_border_width=\u00bbnone\u00bb column_border_style=\u00bbsolid\u00bb][vc_row_inner content_placement=\u00bbmiddle\u00bb column_margin=\u00bbdefault\u00bb column_direction=\u00bbdefault\u00bb column_direction_tablet=\u00bbdefault\u00bb column_direction_phone=\u00bbdefault\u00bb text_align=\u00bbleft\u00bb row_position=\u00bbdefault\u00bb row_position_tablet=\u00bbinherit\u00bb row_position_phone=\u00bbinherit\u00bb overflow=\u00bbvisible\u00bb pointer_events=\u00bball\u00bb][vc_column_inner&#8230;<\/p>\n","protected":false},"author":5,"featured_media":0,"parent":0,"menu_order":0,"comment_status":"closed","ping_status":"closed","template":"","meta":{"_mo_disable_npp":"","footnotes":""},"class_list":["post-11036","page","type-page","status-publish"],"yoast_head":"<!-- This site is optimized with the Yoast SEO plugin v27.2 - https:\/\/yoast.com\/product\/yoast-seo-wordpress\/ -->\n<title>Jumbo | Pol\u00edtica de seguridad de la informaci\u00f3n<\/title>\n<meta name=\"description\" content=\"Pol\u00edtica de seguridad de la informaci\u00f3n de Jumbo Espa\u00f1a.\" \/>\n<meta name=\"robots\" content=\"index, follow, max-snippet:-1, max-image-preview:large, max-video-preview:-1\" \/>\n<link rel=\"canonical\" href=\"https:\/\/wwwtest.jumbotours.com\/es\/politica-seguridad-informacion\/\" \/>\n<meta property=\"og:locale\" content=\"es_ES\" \/>\n<meta property=\"og:type\" content=\"article\" \/>\n<meta property=\"og:title\" content=\"Jumbo | Pol\u00edtica de seguridad de la informaci\u00f3n\" \/>\n<meta property=\"og:description\" content=\"Pol\u00edtica de seguridad de la informaci\u00f3n de Jumbo Espa\u00f1a.\" \/>\n<meta property=\"og:url\" content=\"https:\/\/wwwtest.jumbotours.com\/es\/politica-seguridad-informacion\/\" \/>\n<meta property=\"og:site_name\" content=\"Jumbo\" \/>\n<meta property=\"article:publisher\" content=\"https:\/\/www.facebook.com\/jumbobeds\" \/>\n<meta property=\"article:modified_time\" content=\"2026-03-12T11:55:32+00:00\" \/>\n<meta name=\"twitter:card\" content=\"summary_large_image\" \/>\n<meta name=\"twitter:label1\" content=\"Tiempo de lectura\" \/>\n\t<meta name=\"twitter:data1\" content=\"6 minutos\" \/>\n<script type=\"application\/ld+json\" class=\"yoast-schema-graph\">{\"@context\":\"https:\/\/schema.org\",\"@graph\":[{\"@type\":\"WebPage\",\"@id\":\"https:\/\/wwwtest.jumbotours.com\/es\/politica-seguridad-informacion\/\",\"url\":\"https:\/\/wwwtest.jumbotours.com\/es\/politica-seguridad-informacion\/\",\"name\":\"Jumbo | Pol\u00edtica de seguridad de la informaci\u00f3n\",\"isPartOf\":{\"@id\":\"https:\/\/wwwtest.jumbotours.com\/#website\"},\"datePublished\":\"2024-07-16T08:25:17+00:00\",\"dateModified\":\"2026-03-12T11:55:32+00:00\",\"description\":\"Pol\u00edtica de seguridad de la informaci\u00f3n de Jumbo Espa\u00f1a.\",\"breadcrumb\":{\"@id\":\"https:\/\/wwwtest.jumbotours.com\/es\/politica-seguridad-informacion\/#breadcrumb\"},\"inLanguage\":\"es\",\"potentialAction\":[{\"@type\":\"ReadAction\",\"target\":[\"https:\/\/wwwtest.jumbotours.com\/es\/politica-seguridad-informacion\/\"]}]},{\"@type\":\"BreadcrumbList\",\"@id\":\"https:\/\/wwwtest.jumbotours.com\/es\/politica-seguridad-informacion\/#breadcrumb\",\"itemListElement\":[{\"@type\":\"ListItem\",\"position\":1,\"name\":\"Portada\",\"item\":\"https:\/\/jumbotours.com\/es\/\"},{\"@type\":\"ListItem\",\"position\":2,\"name\":\"Pol\u00edtica de seguridad de la informaci\u00f3n\"}]},{\"@type\":\"WebSite\",\"@id\":\"https:\/\/wwwtest.jumbotours.com\/#website\",\"url\":\"https:\/\/wwwtest.jumbotours.com\/\",\"name\":\"JumboTours\",\"description\":\"Empower your destination.\",\"publisher\":{\"@id\":\"https:\/\/wwwtest.jumbotours.com\/#organization\"},\"potentialAction\":[{\"@type\":\"SearchAction\",\"target\":{\"@type\":\"EntryPoint\",\"urlTemplate\":\"https:\/\/wwwtest.jumbotours.com\/?s={search_term_string}\"},\"query-input\":{\"@type\":\"PropertyValueSpecification\",\"valueRequired\":true,\"valueName\":\"search_term_string\"}}],\"inLanguage\":\"es\"},{\"@type\":\"Organization\",\"@id\":\"https:\/\/wwwtest.jumbotours.com\/#organization\",\"name\":\"Jumbotours Group\",\"url\":\"https:\/\/wwwtest.jumbotours.com\/\",\"logo\":{\"@type\":\"ImageObject\",\"inLanguage\":\"es\",\"@id\":\"https:\/\/wwwtest.jumbotours.com\/#\/schema\/logo\/image\/\",\"url\":\"https:\/\/jumbotours.com\/wp-content\/uploads\/2020\/03\/LogoJTGweb-1.jpg\",\"contentUrl\":\"https:\/\/jumbotours.com\/wp-content\/uploads\/2020\/03\/LogoJTGweb-1.jpg\",\"width\":2217,\"height\":2500,\"caption\":\"Jumbotours Group\"},\"image\":{\"@id\":\"https:\/\/wwwtest.jumbotours.com\/#\/schema\/logo\/image\/\"},\"sameAs\":[\"https:\/\/www.facebook.com\/jumbobeds\",\"https:\/\/www.instagram.com\/jumbobeds\/\",\"https:\/\/www.linkedin.com\/company\/jumbo-tours-espa-a-s-l-\/?viewAsMember=true\"]}]}<\/script>\n<!-- \/ Yoast SEO plugin. -->","yoast_head_json":{"title":"Jumbo | Pol\u00edtica de seguridad de la informaci\u00f3n","description":"Pol\u00edtica de seguridad de la informaci\u00f3n de Jumbo Espa\u00f1a.","robots":{"index":"index","follow":"follow","max-snippet":"max-snippet:-1","max-image-preview":"max-image-preview:large","max-video-preview":"max-video-preview:-1"},"canonical":"https:\/\/wwwtest.jumbotours.com\/es\/politica-seguridad-informacion\/","og_locale":"es_ES","og_type":"article","og_title":"Jumbo | Pol\u00edtica de seguridad de la informaci\u00f3n","og_description":"Pol\u00edtica de seguridad de la informaci\u00f3n de Jumbo Espa\u00f1a.","og_url":"https:\/\/wwwtest.jumbotours.com\/es\/politica-seguridad-informacion\/","og_site_name":"Jumbo","article_publisher":"https:\/\/www.facebook.com\/jumbobeds","article_modified_time":"2026-03-12T11:55:32+00:00","twitter_card":"summary_large_image","twitter_misc":{"Tiempo de lectura":"6 minutos"},"schema":{"@context":"https:\/\/schema.org","@graph":[{"@type":"WebPage","@id":"https:\/\/wwwtest.jumbotours.com\/es\/politica-seguridad-informacion\/","url":"https:\/\/wwwtest.jumbotours.com\/es\/politica-seguridad-informacion\/","name":"Jumbo | Pol\u00edtica de seguridad de la informaci\u00f3n","isPartOf":{"@id":"https:\/\/wwwtest.jumbotours.com\/#website"},"datePublished":"2024-07-16T08:25:17+00:00","dateModified":"2026-03-12T11:55:32+00:00","description":"Pol\u00edtica de seguridad de la informaci\u00f3n de Jumbo Espa\u00f1a.","breadcrumb":{"@id":"https:\/\/wwwtest.jumbotours.com\/es\/politica-seguridad-informacion\/#breadcrumb"},"inLanguage":"es","potentialAction":[{"@type":"ReadAction","target":["https:\/\/wwwtest.jumbotours.com\/es\/politica-seguridad-informacion\/"]}]},{"@type":"BreadcrumbList","@id":"https:\/\/wwwtest.jumbotours.com\/es\/politica-seguridad-informacion\/#breadcrumb","itemListElement":[{"@type":"ListItem","position":1,"name":"Portada","item":"https:\/\/jumbotours.com\/es\/"},{"@type":"ListItem","position":2,"name":"Pol\u00edtica de seguridad de la informaci\u00f3n"}]},{"@type":"WebSite","@id":"https:\/\/wwwtest.jumbotours.com\/#website","url":"https:\/\/wwwtest.jumbotours.com\/","name":"JumboTours","description":"Empower your destination.","publisher":{"@id":"https:\/\/wwwtest.jumbotours.com\/#organization"},"potentialAction":[{"@type":"SearchAction","target":{"@type":"EntryPoint","urlTemplate":"https:\/\/wwwtest.jumbotours.com\/?s={search_term_string}"},"query-input":{"@type":"PropertyValueSpecification","valueRequired":true,"valueName":"search_term_string"}}],"inLanguage":"es"},{"@type":"Organization","@id":"https:\/\/wwwtest.jumbotours.com\/#organization","name":"Jumbotours Group","url":"https:\/\/wwwtest.jumbotours.com\/","logo":{"@type":"ImageObject","inLanguage":"es","@id":"https:\/\/wwwtest.jumbotours.com\/#\/schema\/logo\/image\/","url":"https:\/\/jumbotours.com\/wp-content\/uploads\/2020\/03\/LogoJTGweb-1.jpg","contentUrl":"https:\/\/jumbotours.com\/wp-content\/uploads\/2020\/03\/LogoJTGweb-1.jpg","width":2217,"height":2500,"caption":"Jumbotours Group"},"image":{"@id":"https:\/\/wwwtest.jumbotours.com\/#\/schema\/logo\/image\/"},"sameAs":["https:\/\/www.facebook.com\/jumbobeds","https:\/\/www.instagram.com\/jumbobeds\/","https:\/\/www.linkedin.com\/company\/jumbo-tours-espa-a-s-l-\/?viewAsMember=true"]}]}},"_links":{"self":[{"href":"https:\/\/jumbotours.com\/es\/wp-json\/wp\/v2\/pages\/11036","targetHints":{"allow":["GET"]}}],"collection":[{"href":"https:\/\/jumbotours.com\/es\/wp-json\/wp\/v2\/pages"}],"about":[{"href":"https:\/\/jumbotours.com\/es\/wp-json\/wp\/v2\/types\/page"}],"author":[{"embeddable":true,"href":"https:\/\/jumbotours.com\/es\/wp-json\/wp\/v2\/users\/5"}],"replies":[{"embeddable":true,"href":"https:\/\/jumbotours.com\/es\/wp-json\/wp\/v2\/comments?post=11036"}],"version-history":[{"count":6,"href":"https:\/\/jumbotours.com\/es\/wp-json\/wp\/v2\/pages\/11036\/revisions"}],"predecessor-version":[{"id":12637,"href":"https:\/\/jumbotours.com\/es\/wp-json\/wp\/v2\/pages\/11036\/revisions\/12637"}],"wp:attachment":[{"href":"https:\/\/jumbotours.com\/es\/wp-json\/wp\/v2\/media?parent=11036"}],"curies":[{"name":"wp","href":"https:\/\/api.w.org\/{rel}","templated":true}]}}